{"id":176,"date":"2019-11-26T20:27:58","date_gmt":"2019-11-27T01:27:58","guid":{"rendered":"https:\/\/avmq.org\/?page_id=176"},"modified":"2022-01-18T19:17:54","modified_gmt":"2022-01-19T00:17:54","slug":"contribuez","status":"publish","type":"page","link":"https:\/\/avmq.org\/?page_id=176","title":{"rendered":"DEVENEZ MEMBRE"},"content":{"rendered":"\n<p class=\"has-text-align-center has-custom-size\" style=\"font-size:24px\">L&rsquo;<strong>A<\/strong>ssociation des <strong>V<\/strong>\u00e9hicules <strong>M<\/strong>ilitaires du <strong>Q<\/strong>u\u00e9bec a besoin de vous !<\/p>\n\n\n\n<h2 class=\"has-text-align-center wp-block-heading\">Contribuez financi\u00e8rement \u00e0 l&rsquo;atteinte de notre objectif !<\/h2>\n\n\n\n<div class=\"wp-block-coblocks-alert is-style-success\" aria-label=\"Alert section of type success\"><p class=\"wp-block-coblocks-alert__text\"><b>Suite \u00e0 une entente n\u00e9goci\u00e9e par l&rsquo;<strong>AVMQ<\/strong>, les v\u00e9hicules militaires peuvent de nouveau \u00eatre immatricul\u00e9s (et circuler librement) sur les routes du Qu\u00e9bec depuis mai 2020.<\/b><\/p><\/div>\n\n\n\n<p class=\"has-medium-font-size\">Devenir membre \u00e0 part enti\u00e8re de l&rsquo;Association des V\u00e9hicules Militaires du Qu\u00e9bec vous permet de vous impliquer concr\u00e8tement pour la cause en contribuant annuellement pour d\u00e9fendre activement les droits des propri\u00e9taires de v\u00e9hicules militaires historique au Qu\u00e9bec.<\/p>\n\n\n\n<p class=\"has-medium-font-size\">Vous serez inscrit sur notre liste de diffusion exclusive aux membres pour recevoir des communications importantes et, selon le contexte, donner votre opinion sur les d\u00e9cisions qui doivent \u00eatre prises pour d\u00e9fendre les droits des propri\u00e9taires de v\u00e9hicule militaire historique <\/p>\n\n\n\n<p class=\"has-medium-font-size\">Votre cotisation annuelle nous permettra de constituer un fonds de d\u00e9fense pour que l&rsquo;association puisse avoir le \u00ab\u00a0poids du nombre\u00a0\u00bb pour faire des repr\u00e9sentations efficaces aupr\u00e8s des autorit\u00e9s provinciales et \/ ou \u00e9ventuellement entreprendre des d\u00e9marches afin de faire valoir vos droits devant les tribunaux. <\/p>\n\n\n\n<hr class=\"wp-block-separator is-style-default\"\/>\n\n\n\n<div class=\"wp-block-columns is-layout-flex wp-container-core-columns-is-layout-9d6595d7 wp-block-columns-is-layout-flex\">\n<div class=\"wp-block-column is-vertically-aligned-center is-layout-flow wp-block-column-is-layout-flow\" style=\"flex-basis:33.33%\">\n<figure class=\"wp-block-image size-medium\"><img loading=\"lazy\" decoding=\"async\" width=\"300\" height=\"222\" src=\"https:\/\/avmq.org\/wp-content\/uploads\/2022\/01\/CERTIFICAT-GEN-TB-300x222.jpg\" alt=\"\" class=\"wp-image-1301\" srcset=\"https:\/\/avmq.org\/wp-content\/uploads\/2022\/01\/CERTIFICAT-GEN-TB-300x222.jpg 300w, https:\/\/avmq.org\/wp-content\/uploads\/2022\/01\/CERTIFICAT-GEN-TB-768x567.jpg 768w, https:\/\/avmq.org\/wp-content\/uploads\/2022\/01\/CERTIFICAT-GEN-TB.jpg 1015w\" sizes=\"auto, (max-width: 300px) 100vw, 300px\" \/><\/figure>\n\n\n\n<p><\/p>\n<\/div>\n\n\n\n<div class=\"wp-block-column is-vertically-aligned-center is-layout-flow wp-block-column-is-layout-flow\" style=\"flex-basis:66.66%\">\n<h2 class=\"has-text-align-center wp-block-heading\">Frais de cotisation annuelle :<\/h2>\n\n\n\n<p class=\"has-text-align-center mt-0 pt-0\">(Valide du 1<sup>er<\/sup> janvier au 31 d\u00e9cembre)<\/p>\n\n\n\n<h2 class=\"has-text-align-center wp-block-heading\">$ 50.00 : Pour les propri\u00e9taires du Qu\u00e9bec<\/h2>\n\n\n\n<h2 class=\"has-text-align-center wp-block-heading\">$ 20.00 : Non propri\u00e9taires \/ hors Qu\u00e9bec<\/h2>\n\n\n\n<p class=\"has-text-align-center has-black-color has-text-color\"> <span class=\"has-inline-color has-vivid-red-color\">C&rsquo;est bien moins cher qu&rsquo;un plein d&rsquo;essence !<\/span><br> (Votre certificat de membre vous sera post\u00e9) <\/p>\n<\/div>\n<\/div>\n\n\n\n<p class=\"has-text-align-center\"><strong>Note pour votre renouvellement annuel :<\/strong><br>Vous n&rsquo;avez pas besoin de remplir le formulaire ci-dessous chaque ann\u00e9e. Simplement envoyer votre paiement annuel par virement Interac \u00e0 <font color=\"#0693e3\"><strong>contribution@avmq.org<\/strong><\/font> ou par la poste<\/p>\n\n\n\n<hr class=\"wp-block-separator is-style-default\"\/>\n\n\n\n<div class=\"wp-block-columns alignwide are-vertically-aligned-center is-layout-flex wp-container-core-columns-is-layout-9d6595d7 wp-block-columns-is-layout-flex\">\n<div class=\"wp-block-column is-layout-flow wp-block-column-is-layout-flow\" style=\"flex-basis:23.33%\">\n<div class=\"wp-block-image\"><figure class=\"aligncenter size-full is-resized\"><img loading=\"lazy\" decoding=\"async\" src=\"https:\/\/avmq.org\/wp-content\/uploads\/2022\/01\/NON-VM.jpg\" alt=\"\" class=\"wp-image-1380\" width=\"190\" height=\"100\" srcset=\"https:\/\/avmq.org\/wp-content\/uploads\/2022\/01\/NON-VM.jpg 759w, https:\/\/avmq.org\/wp-content\/uploads\/2022\/01\/NON-VM-300x157.jpg 300w\" sizes=\"auto, (max-width: 190px) 100vw, 190px\" \/><\/figure><\/div>\n<\/div>\n\n\n\n<div class=\"wp-block-column is-layout-flow wp-block-column-is-layout-flow\" style=\"flex-basis:43.34%\">\n<p class=\"has-text-align-center has-medium-font-size\">Vous voulez quand-m\u00eame supporter l&rsquo;association mais ne poss\u00e9dez pas de v\u00e9hicule militaire ?<br><br>Tous les dons sont accept\u00e9s \u00e0 <font color=\"#0693e3\"><strong>contribution@avmq.org<\/strong><\/font><\/p>\n<\/div>\n\n\n\n<div class=\"wp-block-column is-layout-flow wp-block-column-is-layout-flow\" style=\"flex-basis:33.33%\">\n<div class=\"wp-block-image\"><figure class=\"aligncenter size-full is-resized\"><img loading=\"lazy\" decoding=\"async\" src=\"https:\/\/avmq.org\/wp-content\/uploads\/2022\/01\/VIREMENT-INTERAC-200.jpg\" alt=\"\" class=\"wp-image-1263\" width=\"150\" height=\"61\"\/><\/figure><\/div>\n<\/div>\n<\/div>\n\n\n\n<br><center>\n<iframe loading=\"lazy\" src=\"https:\/\/docs.google.com\/forms\/d\/e\/1FAIpQLSclG9kmABVmEgfvWDg398igakyEPn5o_v5TxRSyVwd3Dv58DA\/viewform?embedded=true\" width=\"640\" height=\"1772\" frameborder=\"0\" marginheight=\"0\" marginwidth=\"0\">Chargement\u2026<\/iframe><\/center>\n\n\n\n<p><\/p>\n","protected":false},"excerpt":{"rendered":"<p>L&rsquo;Association des V\u00e9hicules Militaires du Qu\u00e9bec a besoin de vous ! Contribuez financi\u00e8rement \u00e0 l&rsquo;atteinte de notre objectif ! Devenir membre \u00e0 part enti\u00e8re de l&rsquo;Association des V\u00e9hicules Militaires du Qu\u00e9bec vous permet de vous impliquer concr\u00e8tement pour la cause en contribuant annuellement pour d\u00e9fendre activement les droits des propri\u00e9taires de v\u00e9hicules militaires historique au <\/p>\n<div class=\"read-more-text\"><a href=\"https:\/\/avmq.org\/?page_id=176\" class=\"read-more\">continue reading<\/a><\/div>\n","protected":false},"author":1,"featured_media":994,"parent":0,"menu_order":1,"comment_status":"closed","ping_status":"closed","template":"","meta":{"_coblocks_attr":"","_coblocks_dimensions":"","_coblocks_responsive_height":"","_coblocks_accordion_ie_support":"","footnotes":""},"class_list":["post-176","page","type-page","status-publish","has-post-thumbnail","hentry"],"_links":{"self":[{"href":"https:\/\/avmq.org\/index.php?rest_route=\/wp\/v2\/pages\/176","targetHints":{"allow":["GET"]}}],"collection":[{"href":"https:\/\/avmq.org\/index.php?rest_route=\/wp\/v2\/pages"}],"about":[{"href":"https:\/\/avmq.org\/index.php?rest_route=\/wp\/v2\/types\/page"}],"author":[{"embeddable":true,"href":"https:\/\/avmq.org\/index.php?rest_route=\/wp\/v2\/users\/1"}],"replies":[{"embeddable":true,"href":"https:\/\/avmq.org\/index.php?rest_route=%2Fwp%2Fv2%2Fcomments&post=176"}],"version-history":[{"count":117,"href":"https:\/\/avmq.org\/index.php?rest_route=\/wp\/v2\/pages\/176\/revisions"}],"predecessor-version":[{"id":1391,"href":"https:\/\/avmq.org\/index.php?rest_route=\/wp\/v2\/pages\/176\/revisions\/1391"}],"wp:featuredmedia":[{"embeddable":true,"href":"https:\/\/avmq.org\/index.php?rest_route=\/wp\/v2\/media\/994"}],"wp:attachment":[{"href":"https:\/\/avmq.org\/index.php?rest_route=%2Fwp%2Fv2%2Fmedia&parent=176"}],"curies":[{"name":"wp","href":"https:\/\/api.w.org\/{rel}","templated":true}]}}