{"id":233,"date":"2019-11-27T20:48:58","date_gmt":"2019-11-28T01:48:58","guid":{"rendered":"https:\/\/avmq.org\/?page_id=233"},"modified":"2022-01-16T12:21:50","modified_gmt":"2022-01-16T17:21:50","slug":"bienvenue","status":"publish","type":"page","link":"https:\/\/avmq.org\/","title":{"rendered":"BIENVENUE"},"content":{"rendered":"\n<h2 class=\"has-text-align-center wp-block-heading\">Association des V\u00e9hicules Militaires du Qu\u00e9bec (AVMQ)<\/h2>\n\n\n\n<p>L\u2019<strong>A<\/strong>ssociation des&nbsp;<strong>V<\/strong>\u00e9hicules&nbsp;<strong>M<\/strong>ilitaires du&nbsp;<strong>Q<\/strong>u\u00e9bec (<strong>AVMQ<\/strong>) a \u00e9t\u00e9 fond\u00e9e en 2019 dans la foul\u00e9e du changement de r\u00e9glementation unilat\u00e9ral d\u00e9cr\u00e9t\u00e9 par la S.A.A.Q. concernant l\u2019immatriculation des v\u00e9hicules militaires au Qu\u00e9bec.<\/p>\n\n\n\n<p>En 2019, La S.A.A.Q. a choisi de consid\u00e9rer comme \u00e9tant des \u00ab\u00a0v\u00e9hicules hors route\u00a0\u00bb plusieurs v\u00e9hicules militaires qui circulaient d\u00e9j\u00e0 librement sur les routes du Qu\u00e9bec depuis de nombreuses ann\u00e9es et d&rsquo;en restreindre \/ emp\u00eacher l&rsquo;immatriculation.<\/p>\n\n\n\n<div class=\"wp-block-image\"><figure class=\"aligncenter size-full\"><img loading=\"lazy\" decoding=\"async\" width=\"640\" height=\"480\" src=\"https:\/\/avmq.org\/wp-content\/uploads\/2019\/12\/ILTIS-MODELT.jpg\" alt=\"\" class=\"wp-image-392\" srcset=\"https:\/\/avmq.org\/wp-content\/uploads\/2019\/12\/ILTIS-MODELT.jpg 640w, https:\/\/avmq.org\/wp-content\/uploads\/2019\/12\/ILTIS-MODELT-300x225.jpg 300w\" sizes=\"auto, (max-width: 640px) 100vw, 640px\" \/><figcaption>  Invoquant le \u00ab\u00a0principe de s\u00e9curit\u00e9\u00a0\u00bb, le Bombardier Iltis 1985 qui a \u00e9t\u00e9 utilis\u00e9 par l&rsquo;arm\u00e9e canadienne jusqu&rsquo;au d\u00e9but des ann\u00e9es 2000 (\u00e0 gauche sur la photo) \u00e9tait limit\u00e9 aux routes de 70 Km\/h et moins depuis le 22 ao\u00fbt 2019;  tandis que le Ford 1930 avec des roues de bois (\u00e0 droite sur la photo) pouvait continuer de b\u00e9n\u00e9ficier d&rsquo;une immatriculation de type \u00ab\u00a0Promenade\u00a0\u00bb et circuler sans restrictions partout au Qu\u00e9bec ! <\/figcaption><\/figure><\/div>\n\n\n\n<div class=\"wp-block-coblocks-alert has-text-align-center is-style-success\" aria-label=\"Alert section of type success\"><p class=\"wp-block-coblocks-alert__text\"><b>Suite \u00e0 une entente n\u00e9goci\u00e9e par l&rsquo;<strong>AVMQ<\/strong>, les v\u00e9hicules militaires peuvent de nouveau \u00eatre immatricul\u00e9s (et circuler librement) sur les routes du Qu\u00e9bec depuis mai 2020.<\/b><\/p><\/div>\n\n\n\n<p class=\"has-text-align-center\">(<a href=\"https:\/\/avmq.org\/?page_id=416\" data-type=\"URL\" data-id=\"https:\/\/avmq.org\/?page_id=416\">Cliquez ici pour la chronologie des \u00e9v\u00e8nements<\/a>) <\/p>\n\n\n\n<hr class=\"wp-block-separator is-style-default\"\/>\n\n\n\n<p>L\u2019<strong>AVMQ<\/strong> est le noyau autour duquel les propri\u00e9taires de v\u00e9hicules militaires&nbsp;<strong>doivent<\/strong>&nbsp;s\u2019organiser pour faire opposition \u00e0 toute nouvelle r\u00e8glementation provinciale qui pourrait restreindre le droit de circuler de nos v\u00e9hicules sur les routes du Qu\u00e9bec.<\/p>\n\n\n\n<p>L\u2019<strong>AVMQ<\/strong> est donc <strong>LA<\/strong> ressource premi\u00e8re des amateurs et propri\u00e9taires de v\u00e9hicules militaires du Qu\u00e9bec qui veulent d\u00e9fendre leurs droits, ou qui cherchent des informations et de l&rsquo;aide pour pouvoir immatriculer leur v\u00e9hicule.<\/p>\n\n\n\n<p>Vous pouvez \u00e9galement <a rel=\"noreferrer noopener\" href=\"https:\/\/www.facebook.com\/groups\/1004592166553125\" data-type=\"URL\" data-id=\"https:\/\/www.facebook.com\/groups\/1004592166553125\" target=\"_blank\">consulter notre page Facebook<\/a> pour interagir dynamiquement avec d&rsquo;autres propri\u00e9taires et amateurs de v\u00e9hicules militaires.     <\/p>\n\n\n\n<p>Enregistr\u00e9e au <a rel=\"noreferrer noopener\" href=\"https:\/\/www.lobby.gouv.qc.ca\/servicespublic\/informationnel\/Accueil.aspx\" data-type=\"URL\" data-id=\"https:\/\/www.lobby.gouv.qc.ca\/servicespublic\/informationnel\/Accueil.aspx\" target=\"_blank\">Registre des lobbyistes du Qu\u00e9bec<\/a>, l&rsquo;Association reste en contact avec la <a rel=\"noreferrer noopener\" href=\"https:\/\/saaq.gouv.qc.ca\/\" data-type=\"URL\" data-id=\"https:\/\/saaq.gouv.qc.ca\/\" target=\"_blank\">S.A.A.Q.<\/a> et le <a rel=\"noreferrer noopener\" href=\"https:\/\/www.transports.gouv.qc.ca\/fr\/Pages\/default.aspx\" data-type=\"URL\" data-id=\"https:\/\/www.transports.gouv.qc.ca\/fr\/Pages\/default.aspx\" target=\"_blank\">Minist\u00e8re des Transports du Qu\u00e9bec<\/a> afin de les sensibiliser et de les informer au sujet des v\u00e9hicules militaires.<\/p>\n\n\n\n<p>Bien que la situation semble stable depuis l&rsquo;entente n\u00e9goci\u00e9e au printemps 2020, nous devons rester vigilants et demeurer \u00e0 l&rsquo;affut de toute nouvelle tentative de la S.A.A.Q. de r\u00e9cidiver.<\/p>\n\n\n\n<p>Nous privil\u00e9gions \u00e9videmment les discussions ouvertes et constructives avec les instances gouvernementales, mais nous devons garder \u00e0 l&rsquo;esprit que nous pourrions \u00eatre \u00e9ventuellement forc\u00e9s de contester une nouvelle r\u00e9glementation injuste devant les tribunaux pour faire valoir nos droits.<\/p>\n\n\n\n<p>Sachant que des d\u00e9marches l\u00e9gales co\u00fbtent tr\u00e8s cher, L\u2019<strong>AVMQ<\/strong> a pour mission de constituer un fonds de d\u00e9fense suffisant pour nous donner les moyens de contester efficacement devant les tribunaux toute nouvelle r\u00e8glementation provinciale qui pourrait restreindre le droit de circuler des v\u00e9hicules militaires sur les routes du Qu\u00e9bec.<\/p>\n\n\n\n<p>C&rsquo;est dans cet objectif que l&rsquo;<strong>AVMQ<\/strong> vous encourage \u00e0 <a href=\"https:\/\/avmq.org\/?page_id=176\" data-type=\"page\" data-id=\"176\">devenir membre<\/a> et \u00e0 contribuer \u00e0 notre fonds de d\u00e9fense.<\/p>\n\n\n\n<p>L&rsquo;<strong>AVMQ<\/strong> organise aussi des \u00e9v\u00e8nements afin de raconter l&rsquo;histoire de nos v\u00e9hicules et honorer la m\u00e9moire de ceux qui les ont utilis\u00e9s lors des conflits et actions de maintien de la paix.<\/p>\n\n\n\n<hr class=\"wp-block-separator\"\/>\n\n\n\n<h2 class=\"has-text-align-center wp-block-heading\">Nous comptons sur vous pour atteindre notre objectif !<\/h2>\n\n\n\n<div class=\"wp-block-button aligncenter is-style-3d\"><a class=\"wp-block-button__link has-very-dark-gray-color has-luminous-vivid-amber-background-color has-text-color has-background\" href=\"https:\/\/avmq.org\/?page_id=176\"><strong>DEVENEZ MEMBRE <\/strong><\/a><\/div>\n\n\n\n<hr class=\"wp-block-separator is-style-default\"\/>\n\n\n\n<figure class=\"wp-block-image size-large\"><img loading=\"lazy\" decoding=\"async\" width=\"1024\" height=\"310\" src=\"https:\/\/avmq.org\/wp-content\/uploads\/2022\/01\/AVMQ-BANNER-WEB-HEADER-1024x310.jpg\" alt=\"\" class=\"wp-image-796\" srcset=\"https:\/\/avmq.org\/wp-content\/uploads\/2022\/01\/AVMQ-BANNER-WEB-HEADER-1024x310.jpg 1024w, https:\/\/avmq.org\/wp-content\/uploads\/2022\/01\/AVMQ-BANNER-WEB-HEADER-300x91.jpg 300w, https:\/\/avmq.org\/wp-content\/uploads\/2022\/01\/AVMQ-BANNER-WEB-HEADER-768x232.jpg 768w, https:\/\/avmq.org\/wp-content\/uploads\/2022\/01\/AVMQ-BANNER-WEB-HEADER.jpg 1075w\" sizes=\"auto, (max-width: 1024px) 100vw, 1024px\" \/><\/figure>\n","protected":false},"excerpt":{"rendered":"<p>Association des V\u00e9hicules Militaires du Qu\u00e9bec (AVMQ) L\u2019Association des&nbsp;V\u00e9hicules&nbsp;Militaires du&nbsp;Qu\u00e9bec (AVMQ) a \u00e9t\u00e9 fond\u00e9e en 2019 dans la foul\u00e9e du changement de r\u00e9glementation unilat\u00e9ral d\u00e9cr\u00e9t\u00e9 par la S.A.A.Q. concernant l\u2019immatriculation des v\u00e9hicules militaires au Qu\u00e9bec. En 2019, La S.A.A.Q. a choisi de consid\u00e9rer comme \u00e9tant des \u00ab\u00a0v\u00e9hicules hors route\u00a0\u00bb plusieurs v\u00e9hicules militaires qui circulaient d\u00e9j\u00e0 <\/p>\n<div class=\"read-more-text\"><a href=\"https:\/\/avmq.org\/\" class=\"read-more\">continue reading<\/a><\/div>\n","protected":false},"author":1,"featured_media":0,"parent":0,"menu_order":0,"comment_status":"closed","ping_status":"closed","template":"","meta":{"_coblocks_attr":"Arial","_coblocks_dimensions":"","_coblocks_responsive_height":"","_coblocks_accordion_ie_support":"","footnotes":""},"class_list":["post-233","page","type-page","status-publish","hentry"],"_links":{"self":[{"href":"https:\/\/avmq.org\/index.php?rest_route=\/wp\/v2\/pages\/233","targetHints":{"allow":["GET"]}}],"collection":[{"href":"https:\/\/avmq.org\/index.php?rest_route=\/wp\/v2\/pages"}],"about":[{"href":"https:\/\/avmq.org\/index.php?rest_route=\/wp\/v2\/types\/page"}],"author":[{"embeddable":true,"href":"https:\/\/avmq.org\/index.php?rest_route=\/wp\/v2\/users\/1"}],"replies":[{"embeddable":true,"href":"https:\/\/avmq.org\/index.php?rest_route=%2Fwp%2Fv2%2Fcomments&post=233"}],"version-history":[{"count":69,"href":"https:\/\/avmq.org\/index.php?rest_route=\/wp\/v2\/pages\/233\/revisions"}],"predecessor-version":[{"id":1294,"href":"https:\/\/avmq.org\/index.php?rest_route=\/wp\/v2\/pages\/233\/revisions\/1294"}],"wp:attachment":[{"href":"https:\/\/avmq.org\/index.php?rest_route=%2Fwp%2Fv2%2Fmedia&parent=233"}],"curies":[{"name":"wp","href":"https:\/\/api.w.org\/{rel}","templated":true}]}}